{"id":402,"date":"2021-08-18T02:39:59","date_gmt":"2021-08-18T02:39:59","guid":{"rendered":"https:\/\/mayorista.geopiedra.cl\/wp\/?post_type=product&#038;p=402"},"modified":"2021-09-08T04:15:21","modified_gmt":"2021-09-08T04:15:21","slug":"cruz-trebol-n2-mediana","status":"publish","type":"product","link":"https:\/\/mayorista.geopiedra.cl\/wp\/producto\/cruz-trebol-n2-mediana\/","title":{"rendered":"Cruz Tr\u00e9bol N\u00b02 (Mediana)"},"content":{"rendered":"<p>Colgante Cruz tipo Tr\u00e9bol, hecha en plata 925, lapidada con Lapisl\u00e1zuli. Tama\u00f1o 22 mm.<\/p>\n","protected":false},"excerpt":{"rendered":"<p>Colgante Cruz tipo Tr\u00e9bol, hecha en plata 925, lapidada con Lapisl\u00e1zuli. Tama\u00f1o 22 mm.<\/p>\n","protected":false},"featured_media":431,"comment_status":"open","ping_status":"closed","template":"","meta":{"spay_email":""},"product_cat":[29,31,32],"product_tag":[],"class_list":["post-402","product","type-product","status-publish","has-post-thumbnail","hentry","product_cat-colgantes","product_cat-colgantes-simples","product_cat-cruces"],"_links":{"self":[{"href":"https:\/\/mayorista.geopiedra.cl\/wp\/wp-json\/wp\/v2\/product\/402","targetHints":{"allow":["GET"]}}],"collection":[{"href":"https:\/\/mayorista.geopiedra.cl\/wp\/wp-json\/wp\/v2\/product"}],"about":[{"href":"https:\/\/mayorista.geopiedra.cl\/wp\/wp-json\/wp\/v2\/types\/product"}],"replies":[{"embeddable":true,"href":"https:\/\/mayorista.geopiedra.cl\/wp\/wp-json\/wp\/v2\/comments?post=402"}],"wp:featuredmedia":[{"embeddable":true,"href":"https:\/\/mayorista.geopiedra.cl\/wp\/wp-json\/wp\/v2\/media\/431"}],"wp:attachment":[{"href":"https:\/\/mayorista.geopiedra.cl\/wp\/wp-json\/wp\/v2\/media?parent=402"}],"wp:term":[{"taxonomy":"product_cat","embeddable":true,"href":"https:\/\/mayorista.geopiedra.cl\/wp\/wp-json\/wp\/v2\/product_cat?post=402"},{"taxonomy":"product_tag","embeddable":true,"href":"https:\/\/mayorista.geopiedra.cl\/wp\/wp-json\/wp\/v2\/product_tag?post=402"}],"curies":[{"name":"wp","href":"https:\/\/api.w.org\/{rel}","templated":true}]}}