{"id":333,"date":"2021-08-18T02:39:25","date_gmt":"2021-08-18T02:39:25","guid":{"rendered":"https:\/\/mayorista.geopiedra.cl\/wp\/?post_type=product&#038;p=333"},"modified":"2021-09-08T04:27:59","modified_gmt":"2021-09-08T04:27:59","slug":"arbol-de-la-vida-grande","status":"publish","type":"product","link":"https:\/\/mayorista.geopiedra.cl\/wp\/producto\/arbol-de-la-vida-grande\/","title":{"rendered":"\u00c1rbol de la vida  (Grande)"},"content":{"rendered":"<p>Aro \u00c1rbol de la Vida, lapidado en Lapisl\u00e1zuli y Runa en bot\u00f3n inferior, largo 40 mm y ancho\u00a0 23 mm. Hecho en plata 925.<\/p>\n","protected":false},"excerpt":{"rendered":"<p>Aro \u00c1rbol de la Vida, lapidado en Lapisl\u00e1zuli y Runa en bot\u00f3n inferior, largo 40 mm y ancho\u00a0 23 mm. Hecho en plata 925.<\/p>\n","protected":false},"featured_media":356,"comment_status":"open","ping_status":"closed","template":"","meta":{"spay_email":""},"product_cat":[20,28,21],"product_tag":[],"class_list":["post-333","product","type-product","status-publish","has-post-thumbnail","hentry","product_cat-aros","product_cat-aros-especiales","product_cat-aros-simples"],"_links":{"self":[{"href":"https:\/\/mayorista.geopiedra.cl\/wp\/wp-json\/wp\/v2\/product\/333","targetHints":{"allow":["GET"]}}],"collection":[{"href":"https:\/\/mayorista.geopiedra.cl\/wp\/wp-json\/wp\/v2\/product"}],"about":[{"href":"https:\/\/mayorista.geopiedra.cl\/wp\/wp-json\/wp\/v2\/types\/product"}],"replies":[{"embeddable":true,"href":"https:\/\/mayorista.geopiedra.cl\/wp\/wp-json\/wp\/v2\/comments?post=333"}],"wp:featuredmedia":[{"embeddable":true,"href":"https:\/\/mayorista.geopiedra.cl\/wp\/wp-json\/wp\/v2\/media\/356"}],"wp:attachment":[{"href":"https:\/\/mayorista.geopiedra.cl\/wp\/wp-json\/wp\/v2\/media?parent=333"}],"wp:term":[{"taxonomy":"product_cat","embeddable":true,"href":"https:\/\/mayorista.geopiedra.cl\/wp\/wp-json\/wp\/v2\/product_cat?post=333"},{"taxonomy":"product_tag","embeddable":true,"href":"https:\/\/mayorista.geopiedra.cl\/wp\/wp-json\/wp\/v2\/product_tag?post=333"}],"curies":[{"name":"wp","href":"https:\/\/api.w.org\/{rel}","templated":true}]}}