{"id":196,"date":"2021-08-18T02:38:36","date_gmt":"2021-08-18T02:38:36","guid":{"rendered":"https:\/\/mayorista.geopiedra.cl\/wp\/?post_type=product&#038;p=196"},"modified":"2021-09-08T04:42:05","modified_gmt":"2021-09-08T04:42:05","slug":"aro-colgante-estrella-redondo","status":"publish","type":"product","link":"https:\/\/mayorista.geopiedra.cl\/wp\/producto\/aro-colgante-estrella-redondo\/","title":{"rendered":"Aro Colgante Estrella Redondo"},"content":{"rendered":"<p>Aro Colgante Redondo, lapidado en Lapisl\u00e1zuli y estrella incrustada en bot\u00f3n inferior, largo 27 mm y di\u00e1metro del bot\u00f3n inferior 11 mm. Todo en plata 925.<\/p>\n","protected":false},"excerpt":{"rendered":"<p>Aro Colgante Redondo, lapidado en Lapisl\u00e1zuli y estrella incrustada en bot\u00f3n inferior, largo 27 mm y di\u00e1metro del bot\u00f3n inferior 11 mm. Todo en plata 925.<\/p>\n","protected":false},"featured_media":212,"comment_status":"open","ping_status":"closed","template":"","meta":{"spay_email":""},"product_cat":[20,26],"product_tag":[],"class_list":["post-196","product","type-product","status-publish","has-post-thumbnail","hentry","product_cat-aros","product_cat-aros-linea-etnica"],"_links":{"self":[{"href":"https:\/\/mayorista.geopiedra.cl\/wp\/wp-json\/wp\/v2\/product\/196","targetHints":{"allow":["GET"]}}],"collection":[{"href":"https:\/\/mayorista.geopiedra.cl\/wp\/wp-json\/wp\/v2\/product"}],"about":[{"href":"https:\/\/mayorista.geopiedra.cl\/wp\/wp-json\/wp\/v2\/types\/product"}],"replies":[{"embeddable":true,"href":"https:\/\/mayorista.geopiedra.cl\/wp\/wp-json\/wp\/v2\/comments?post=196"}],"wp:featuredmedia":[{"embeddable":true,"href":"https:\/\/mayorista.geopiedra.cl\/wp\/wp-json\/wp\/v2\/media\/212"}],"wp:attachment":[{"href":"https:\/\/mayorista.geopiedra.cl\/wp\/wp-json\/wp\/v2\/media?parent=196"}],"wp:term":[{"taxonomy":"product_cat","embeddable":true,"href":"https:\/\/mayorista.geopiedra.cl\/wp\/wp-json\/wp\/v2\/product_cat?post=196"},{"taxonomy":"product_tag","embeddable":true,"href":"https:\/\/mayorista.geopiedra.cl\/wp\/wp-json\/wp\/v2\/product_tag?post=196"}],"curies":[{"name":"wp","href":"https:\/\/api.w.org\/{rel}","templated":true}]}}