{"id":1944,"date":"2021-06-23T06:41:40","date_gmt":"2021-06-23T06:41:40","guid":{"rendered":"https:\/\/nueva.geopiedra.cl\/wp\/?post_type=product&#038;p=1944"},"modified":"2021-09-08T05:14:00","modified_gmt":"2021-09-08T05:14:00","slug":"aro-doble-runa-energias-2","status":"publish","type":"product","link":"https:\/\/mayorista.geopiedra.cl\/wp\/producto\/aro-doble-runa-energias-2\/","title":{"rendered":"Aro Doble Runa Energ\u00edas"},"content":{"rendered":"<p>Aro Runa Energ\u00edas, lapidado en Lapisl\u00e1zuli y Runa en bot\u00f3n inferior, largo 26 mm y di\u00e1metro del bot\u00f3n inferior 11 mm. Hecho en plata 925<\/p>\n","protected":false},"excerpt":{"rendered":"<p>Aro Runa Energ\u00edas, lapidado en Lapisl\u00e1zuli y Runa en bot\u00f3n inferior, largo 26 mm y di\u00e1metro del bot\u00f3n inferior 11 mm. Hecho en plata 925<\/p>\n","protected":false},"featured_media":1475,"comment_status":"open","ping_status":"closed","template":"","meta":{"spay_email":""},"product_cat":[20,27,28],"product_tag":[],"class_list":["post-1944","product","type-product","status-publish","has-post-thumbnail","hentry","product_cat-aros","product_cat-aros-dobles","product_cat-aros-especiales"],"_links":{"self":[{"href":"https:\/\/mayorista.geopiedra.cl\/wp\/wp-json\/wp\/v2\/product\/1944","targetHints":{"allow":["GET"]}}],"collection":[{"href":"https:\/\/mayorista.geopiedra.cl\/wp\/wp-json\/wp\/v2\/product"}],"about":[{"href":"https:\/\/mayorista.geopiedra.cl\/wp\/wp-json\/wp\/v2\/types\/product"}],"replies":[{"embeddable":true,"href":"https:\/\/mayorista.geopiedra.cl\/wp\/wp-json\/wp\/v2\/comments?post=1944"}],"wp:featuredmedia":[{"embeddable":true,"href":"https:\/\/mayorista.geopiedra.cl\/wp\/wp-json\/wp\/v2\/media\/1475"}],"wp:attachment":[{"href":"https:\/\/mayorista.geopiedra.cl\/wp\/wp-json\/wp\/v2\/media?parent=1944"}],"wp:term":[{"taxonomy":"product_cat","embeddable":true,"href":"https:\/\/mayorista.geopiedra.cl\/wp\/wp-json\/wp\/v2\/product_cat?post=1944"},{"taxonomy":"product_tag","embeddable":true,"href":"https:\/\/mayorista.geopiedra.cl\/wp\/wp-json\/wp\/v2\/product_tag?post=1944"}],"curies":[{"name":"wp","href":"https:\/\/api.w.org\/{rel}","templated":true}]}}