{"id":1902,"date":"2021-06-23T06:27:26","date_gmt":"2021-06-23T06:27:26","guid":{"rendered":"https:\/\/nueva.geopiedra.cl\/wp\/?post_type=product&#038;p=1902"},"modified":"2021-09-08T05:16:30","modified_gmt":"2021-09-08T05:16:30","slug":"aro-tumi-chacana-grande-2","status":"publish","type":"product","link":"https:\/\/mayorista.geopiedra.cl\/wp\/producto\/aro-tumi-chacana-grande-2\/","title":{"rendered":"Aro Tumi Chacana (Grande)"},"content":{"rendered":"<p>Aro Tumi, lapidado en Lapisl\u00e1zuli y cruz chacana incrustada en bot\u00f3n inferior, largo 44 mm y di\u00e1metro del bot\u00f3n inferior 20 mm. Hecho en plata 925.<\/p>\n","protected":false},"excerpt":{"rendered":"<p>Aro Tumi, lapidado en Lapisl\u00e1zuli y cruz chacana incrustada en bot\u00f3n inferior, largo 44 mm y di\u00e1metro del bot\u00f3n inferior 20 mm. Hecho en plata 925.<\/p>\n","protected":false},"featured_media":1484,"comment_status":"open","ping_status":"closed","template":"","meta":{"spay_email":""},"product_cat":[20,27,77],"product_tag":[],"class_list":["post-1902","product","type-product","status-publish","has-post-thumbnail","hentry","product_cat-aros","product_cat-aros-dobles","product_cat-linea-etnica-aros"],"_links":{"self":[{"href":"https:\/\/mayorista.geopiedra.cl\/wp\/wp-json\/wp\/v2\/product\/1902","targetHints":{"allow":["GET"]}}],"collection":[{"href":"https:\/\/mayorista.geopiedra.cl\/wp\/wp-json\/wp\/v2\/product"}],"about":[{"href":"https:\/\/mayorista.geopiedra.cl\/wp\/wp-json\/wp\/v2\/types\/product"}],"replies":[{"embeddable":true,"href":"https:\/\/mayorista.geopiedra.cl\/wp\/wp-json\/wp\/v2\/comments?post=1902"}],"wp:featuredmedia":[{"embeddable":true,"href":"https:\/\/mayorista.geopiedra.cl\/wp\/wp-json\/wp\/v2\/media\/1484"}],"wp:attachment":[{"href":"https:\/\/mayorista.geopiedra.cl\/wp\/wp-json\/wp\/v2\/media?parent=1902"}],"wp:term":[{"taxonomy":"product_cat","embeddable":true,"href":"https:\/\/mayorista.geopiedra.cl\/wp\/wp-json\/wp\/v2\/product_cat?post=1902"},{"taxonomy":"product_tag","embeddable":true,"href":"https:\/\/mayorista.geopiedra.cl\/wp\/wp-json\/wp\/v2\/product_tag?post=1902"}],"curies":[{"name":"wp","href":"https:\/\/api.w.org\/{rel}","templated":true}]}}