{"id":1732,"date":"2021-06-23T05:05:35","date_gmt":"2021-06-23T05:05:35","guid":{"rendered":"https:\/\/nueva.geopiedra.cl\/wp\/?post_type=product&#038;p=1732"},"modified":"2021-09-08T05:33:53","modified_gmt":"2021-09-08T05:33:53","slug":"aro-mediano-ovalado-2","status":"publish","type":"product","link":"https:\/\/mayorista.geopiedra.cl\/wp\/producto\/aro-mediano-ovalado-2\/","title":{"rendered":"Aro Mediano Ovalado"},"content":{"rendered":"<p>Aro Cl\u00e1sico Bot\u00f3n Mediano en Plata 925. Diferentes formas (7 mm aprox.) Lapidado en Lapisl\u00e1zuli u otras piedras.<\/p>\n","protected":false},"excerpt":{"rendered":"<p>Aro Cl\u00e1sico Bot\u00f3n Mediano en Plata 925. Diferentes formas (7 mm aprox.) Lapidado en Lapisl\u00e1zuli u otras piedras.<\/p>\n","protected":false},"featured_media":1436,"comment_status":"open","ping_status":"closed","template":"","meta":{"spay_email":""},"product_cat":[20,21],"product_tag":[],"class_list":["post-1732","product","type-product","status-publish","has-post-thumbnail","hentry","product_cat-aros","product_cat-aros-simples"],"_links":{"self":[{"href":"https:\/\/mayorista.geopiedra.cl\/wp\/wp-json\/wp\/v2\/product\/1732","targetHints":{"allow":["GET"]}}],"collection":[{"href":"https:\/\/mayorista.geopiedra.cl\/wp\/wp-json\/wp\/v2\/product"}],"about":[{"href":"https:\/\/mayorista.geopiedra.cl\/wp\/wp-json\/wp\/v2\/types\/product"}],"replies":[{"embeddable":true,"href":"https:\/\/mayorista.geopiedra.cl\/wp\/wp-json\/wp\/v2\/comments?post=1732"}],"wp:featuredmedia":[{"embeddable":true,"href":"https:\/\/mayorista.geopiedra.cl\/wp\/wp-json\/wp\/v2\/media\/1436"}],"wp:attachment":[{"href":"https:\/\/mayorista.geopiedra.cl\/wp\/wp-json\/wp\/v2\/media?parent=1732"}],"wp:term":[{"taxonomy":"product_cat","embeddable":true,"href":"https:\/\/mayorista.geopiedra.cl\/wp\/wp-json\/wp\/v2\/product_cat?post=1732"},{"taxonomy":"product_tag","embeddable":true,"href":"https:\/\/mayorista.geopiedra.cl\/wp\/wp-json\/wp\/v2\/product_tag?post=1732"}],"curies":[{"name":"wp","href":"https:\/\/api.w.org\/{rel}","templated":true}]}}